{"id":89,"date":"2019-06-03T12:13:11","date_gmt":"2019-06-03T10:13:11","guid":{"rendered":"http:\/\/xn--constellationsfamilialesetsystmiquesmcgamper-44d.fr\/?page_id=89"},"modified":"2023-05-17T12:48:18","modified_gmt":"2023-05-17T10:48:18","slug":"les-constellations","status":"publish","type":"page","link":"http:\/\/xn--constellationsfamilialesetsystmiquesmcgamper-44d.fr\/index.php\/les-constellations\/","title":{"rendered":"Les constellations"},"content":{"rendered":"\n<p class=\"has-drop-cap has-very-dark-gray-color has-very-light-gray-background-color has-text-color has-background\">Nous avan\u00e7ons dans la vie, entour\u00e9s par notre syst\u00e8me familial. Et sans m\u00eame savoir comment ni le vouloir consciemment, nous reproduisons ce syst\u00e8me, en positif ou en n\u00e9gatif.<br>\u200bLes <strong>constellations<\/strong> permettent, tout d\u2019abord, de poser son syst\u00e8me familial, de le voir&nbsp;de l\u2019ext\u00e9rieur et ce faisant, de prendre conscience de ce qui s\u2019y joue.&nbsp;Les enjeux des situations v\u00e9cues par nos anc\u00eatres se manifestent alors dans les ressentis des repr\u00e9sentants. Leurs mouvements font \u00e9clore ce qui veut se lib\u00e9rer. &nbsp;<\/p>\n\n\n\n<p class=\"has-luminous-vivid-orange-color has-text-color\"><strong>Le d\u00e9roulement d\u2019une constellation<\/strong><\/p>\n\n\n\n<p class=\"has-very-dark-gray-color has-very-light-gray-background-color has-text-color has-background\">Selon les probl\u00e9matiques exprim\u00e9es, relationnelles, financi\u00e8res, de sant\u00e9 ou en lien avec le monde du travail, j\u2019utilise plusieurs approches dans le processus des<strong> constellations<\/strong>. L\u2019approche la plus classique consiste \u00e0 inviter des participants \u00e0 repr\u00e9senter les membres importants de la famille du \u00ab&nbsp;constell\u00e9&nbsp;\u00bb, puis \u00e0 les placer &nbsp;les uns par rapport aux autres.&nbsp;Mais, Il m\u2019arrive aussi de \u00ab&nbsp;mettre en sc\u00e8ne&nbsp;\u00bb des personnes repr\u00e9sentant des valeurs, des symboles, des mots cl\u00e9s, des \u00e9motions, des pays, des organes du corps, des parties de soi qui se sont \u00e9gar\u00e9es, etc\u2026.). Pour les <strong>constellations syst\u00e9miques ou d&#8217;entreprise<\/strong>, ce sont les secteurs de l&#8217;entreprise ou les postes qui sont mis en sc\u00e8ne.<\/p>\n\n\n\n<p class=\"has-very-dark-gray-color has-very-light-gray-background-color has-text-color has-background\">Les repr\u00e9sentants se laissent alors guider par leur ressenti et par les mouvements lents qui s\u2019inscrivent en eux &#8230;de mani\u00e8re ph\u00e9nom\u00e9nologique. Dans le plus grand respect,&nbsp;le processus de transformation fait son chemin&nbsp;puis le &#8220;constell\u00e9&#8221; reprend sa place dans la<strong> constellation <\/strong>afin de ressentir en lui-m\u00eame cette compr\u00e9hension qui vient du c\u0153ur.<\/p>\n\n\n\n<p class=\"has-luminous-vivid-orange-color has-very-light-gray-background-color has-text-color has-background\">Je propose aussi ce travail en s\u00e9ances individuelles, en utilisant des figurines et des cartes comme supports symboliques.&nbsp;<\/p>\n\n\n\n<p class=\"has-luminous-vivid-orange-color has-text-color\"> <strong>T\u00e9moignage<\/strong>s<\/p>\n\n\n\n<p>&#8220;J&#8217;aime avoir ce regard nouveau, celui que\u00a0l&#8217;on ne peut\u00a0avoir qu&#8217;apr\u00e8s une constellation, une nouvelle perception de la r\u00e9alit\u00e9, me consid\u00e9rant\u00a0davantage.\u00a0Quelque chose de plus conscient, de plus pr\u00eat de moi, de plus juste, de plus connect\u00e9 \u00e0 mon moi profonds.\u00a0Un petit peu douillet, comme le nid d&#8217;un oiseau au fond d&#8217;un trou, o\u00f9 je peux me nicher , ext\u00e9rieur \u00e0 toutes les agressions, je sens la paix.\u00a0Je d\u00e9guste cette sensation \u00e9ph\u00e9m\u00e8re, j&#8217;aimerais qu&#8217;elle dure toujours.\u00a0C&#8217;est en ces moments que les choses changent dans ma vie, lib\u00e9r\u00e9 de mes filets us\u00e9 d&#8217;avoir trop r\u00e9sist\u00e9.&#8221;<\/p>\n\n\n\n<p><br><\/p>\n\n\n\n<p> <\/p>\n\n\n\n<p> <\/p>\n\n\n\n<p><br><\/p>\n\n\n\n<p><\/p>\n","protected":false},"excerpt":{"rendered":"<p>Nous avan\u00e7ons dans la vie, entour\u00e9s par notre syst\u00e8me familial. Et sans m\u00eame savoir comment ni le vouloir consciemment, nous reproduisons ce syst\u00e8me, en positif ou en n\u00e9gatif.\u200bLes constellations permettent, tout d\u2019abord, de poser son syst\u00e8me familial, de le voir&nbsp;de l\u2019ext\u00e9rieur et ce faisant, de prendre conscience de ce qui s\u2019y joue.&nbsp;Les enjeux des situations&hellip;<\/p>\n","protected":false},"author":1,"featured_media":0,"parent":0,"menu_order":0,"comment_status":"closed","ping_status":"closed","template":"","meta":{"footnotes":""},"_links":{"self":[{"href":"http:\/\/xn--constellationsfamilialesetsystmiquesmcgamper-44d.fr\/index.php\/wp-json\/wp\/v2\/pages\/89"}],"collection":[{"href":"http:\/\/xn--constellationsfamilialesetsystmiquesmcgamper-44d.fr\/index.php\/wp-json\/wp\/v2\/pages"}],"about":[{"href":"http:\/\/xn--constellationsfamilialesetsystmiquesmcgamper-44d.fr\/index.php\/wp-json\/wp\/v2\/types\/page"}],"author":[{"embeddable":true,"href":"http:\/\/xn--constellationsfamilialesetsystmiquesmcgamper-44d.fr\/index.php\/wp-json\/wp\/v2\/users\/1"}],"replies":[{"embeddable":true,"href":"http:\/\/xn--constellationsfamilialesetsystmiquesmcgamper-44d.fr\/index.php\/wp-json\/wp\/v2\/comments?post=89"}],"version-history":[{"count":20,"href":"http:\/\/xn--constellationsfamilialesetsystmiquesmcgamper-44d.fr\/index.php\/wp-json\/wp\/v2\/pages\/89\/revisions"}],"predecessor-version":[{"id":645,"href":"http:\/\/xn--constellationsfamilialesetsystmiquesmcgamper-44d.fr\/index.php\/wp-json\/wp\/v2\/pages\/89\/revisions\/645"}],"wp:attachment":[{"href":"http:\/\/xn--constellationsfamilialesetsystmiquesmcgamper-44d.fr\/index.php\/wp-json\/wp\/v2\/media?parent=89"}],"curies":[{"name":"wp","href":"https:\/\/api.w.org\/{rel}","templated":true}]}}