{"id":690,"date":"2024-04-24T15:56:08","date_gmt":"2024-04-24T13:56:08","guid":{"rendered":"http:\/\/xn--constellationsfamilialesetsystmiquesmcgamper-44d.fr\/?page_id=690"},"modified":"2026-03-05T11:25:06","modified_gmt":"2026-03-05T10:25:06","slug":"soins-energetiques","status":"publish","type":"page","link":"http:\/\/xn--constellationsfamilialesetsystmiquesmcgamper-44d.fr\/index.php\/soins-energetiques\/","title":{"rendered":"Tirages et clairaudience"},"content":{"rendered":"\n<div class=\"wp-block-themeisle-blocks-advanced-columns has-1-columns has-desktop-equal-layout has-tablet-equal-layout has-mobile-equal-layout has-default-gap has-vertical-unset\" id=\"wp-block-themeisle-blocks-advanced-columns-c640421e\" style=\"border-width:0px;border-style:solid;border-color:#000000;border-radius:0px;justify-content:unset\"><div class=\"wp-themeisle-block-overlay\" style=\"opacity:0.5;mix-blend-mode:normal\"><\/div><div class=\"innerblocks-wrap\">\n<div class=\"wp-block-themeisle-blocks-advanced-column\" id=\"wp-block-themeisle-blocks-advanced-column-b68fa158\" style=\"border-width:0px;border-style:solid;border-color:#000000;border-radius:0px\">\n<p class=\"has-light-green-cyan-background-color has-background\">Tirages de l&#8217;ombre \u00e0 la lumi\u00e8re<\/p>\n\n\n\n<p>Les diff\u00e9rents tirages que je vous propose en fonction de vos demandes sp\u00e9cifiques, vous permettront d&#8217;aller \u00e0 la rencontre de ce qui bloque ou freine l\u2019\u00e9volution de votre \u00catre ou d\u2019un projet sp\u00e9cifique. Gr\u00e2ce \u00e0 vos prises de conscience, vous vous connecterez \u00e0 vos richesses int\u00e9rieures n\u00e9cessaires pour mettre en place les changements b\u00e9n\u00e9fiques.<br>Pour ces tirage, j\u2019utiliserai des cartes sp\u00e9cifiques et vous guiderai en m&#8217;appuyant sur ma clairaudience.<br><br><br><\/p>\n\n\n\n<p class=\"has-light-green-cyan-background-color has-background\">Dur\u00e9e des s\u00e9ances entre 1h15 et 1h30, en pr\u00e9sentiel \u00e0 Saint-Geni\u00e8s de Malgoir\u00e8s ou \u00e0 distance. Tarif 70\u20ac <br>N\u2019h\u00e9sitez pas \u00e0 me contacter pour plus d\u2019informations.<\/p>\n\n\n\n<p><\/p>\n<\/div>\n<\/div><\/div>\n","protected":false},"excerpt":{"rendered":"","protected":false},"author":1,"featured_media":16,"parent":0,"menu_order":0,"comment_status":"closed","ping_status":"closed","template":"","meta":{"footnotes":""},"_links":{"self":[{"href":"http:\/\/xn--constellationsfamilialesetsystmiquesmcgamper-44d.fr\/index.php\/wp-json\/wp\/v2\/pages\/690"}],"collection":[{"href":"http:\/\/xn--constellationsfamilialesetsystmiquesmcgamper-44d.fr\/index.php\/wp-json\/wp\/v2\/pages"}],"about":[{"href":"http:\/\/xn--constellationsfamilialesetsystmiquesmcgamper-44d.fr\/index.php\/wp-json\/wp\/v2\/types\/page"}],"author":[{"embeddable":true,"href":"http:\/\/xn--constellationsfamilialesetsystmiquesmcgamper-44d.fr\/index.php\/wp-json\/wp\/v2\/users\/1"}],"replies":[{"embeddable":true,"href":"http:\/\/xn--constellationsfamilialesetsystmiquesmcgamper-44d.fr\/index.php\/wp-json\/wp\/v2\/comments?post=690"}],"version-history":[{"count":6,"href":"http:\/\/xn--constellationsfamilialesetsystmiquesmcgamper-44d.fr\/index.php\/wp-json\/wp\/v2\/pages\/690\/revisions"}],"predecessor-version":[{"id":734,"href":"http:\/\/xn--constellationsfamilialesetsystmiquesmcgamper-44d.fr\/index.php\/wp-json\/wp\/v2\/pages\/690\/revisions\/734"}],"wp:featuredmedia":[{"embeddable":true,"href":"http:\/\/xn--constellationsfamilialesetsystmiquesmcgamper-44d.fr\/index.php\/wp-json\/wp\/v2\/media\/16"}],"wp:attachment":[{"href":"http:\/\/xn--constellationsfamilialesetsystmiquesmcgamper-44d.fr\/index.php\/wp-json\/wp\/v2\/media?parent=690"}],"curies":[{"name":"wp","href":"https:\/\/api.w.org\/{rel}","templated":true}]}}