{"id":57,"date":"2019-06-02T16:59:24","date_gmt":"2019-06-02T14:59:24","guid":{"rendered":"http:\/\/xn--constellationsfamilialesetsystmiquesmcgamper-44d.fr\/?page_id=57"},"modified":"2021-07-29T10:26:52","modified_gmt":"2021-07-29T08:26:52","slug":"qui-suis-je","status":"publish","type":"page","link":"http:\/\/xn--constellationsfamilialesetsystmiquesmcgamper-44d.fr\/index.php\/qui-suis-je\/","title":{"rendered":"Qui suis-je ?"},"content":{"rendered":"\n<div class=\"wp-block-image\"><figure class=\"alignright\"><img loading=\"lazy\" decoding=\"async\" width=\"300\" height=\"247\" src=\"http:\/\/xn--constellationsfamilialesetsystmiquesmcgamper-44d.fr\/wp-content\/uploads\/2019\/06\/20180325_152146-300x247.jpg\" alt=\"\" class=\"wp-image-271\" srcset=\"http:\/\/xn--constellationsfamilialesetsystmiquesmcgamper-44d.fr\/wp-content\/uploads\/2019\/06\/20180325_152146-300x247.jpg 300w, http:\/\/xn--constellationsfamilialesetsystmiquesmcgamper-44d.fr\/wp-content\/uploads\/2019\/06\/20180325_152146-768x632.jpg 768w, http:\/\/xn--constellationsfamilialesetsystmiquesmcgamper-44d.fr\/wp-content\/uploads\/2019\/06\/20180325_152146-1024x842.jpg 1024w, http:\/\/xn--constellationsfamilialesetsystmiquesmcgamper-44d.fr\/wp-content\/uploads\/2019\/06\/20180325_152146.jpg 2041w\" sizes=\"(max-width: 300px) 100vw, 300px\" \/><\/figure><\/div>\n\n\n\n<p class=\"has-drop-cap has-very-dark-gray-color has-very-light-gray-background-color has-text-color has-background\">Mon parcours, plut\u00f4t atypique m\u2019a amen\u00e9, depuis plus de 20 ans \u00e0 explorer bon nombre de pratiques th\u00e9rapeutiques (EMDR, yoga de la voix,  constellations familiales, hypnose ericksonienne etc\u2026). et \u00e0 me  former \u00e0 celles-ci. <br>Forte de ces exp\u00e9riences et savoirs, mais aussi du chemin que j\u2019ai parcouru pour ma gu\u00e9rison personnelle, je consid\u00e8re comme fondamental d&#8217;accompagner \u00e0 mon tour ceux et celles qui viennent \u00e0 moi. Comme la plupart d&#8217;entre nous, je veux participer \u00e0 cr\u00e9er un monde meilleur, plus doux, plus harmonieux. En ce qui me concerne, c&#8217;est en aidant l\u2019\u00eatre humain \u00e0 se retrouver, \u00e0 se sentir mieux, \u00e0 s\u2019\u00e9panouir, \u00e0 ne transmettre que le meilleur \u00e0 ses descendants que je pose ma pierre \u00e0 l&#8217;\u00e9difice. <\/p>\n\n\n\n<p class=\"has-luminous-vivid-orange-color has-text-color\">C&#8217;est mon plus profond engagement et ma plus grande joie !<\/p>\n\n\n\n<p><\/p>\n","protected":false},"excerpt":{"rendered":"<p>Mon parcours, plut\u00f4t atypique m\u2019a amen\u00e9, depuis plus de 20 ans \u00e0 explorer bon nombre de pratiques th\u00e9rapeutiques (EMDR, yoga de la voix, constellations familiales, hypnose ericksonienne etc\u2026). et \u00e0 me former \u00e0 celles-ci. Forte de ces exp\u00e9riences et savoirs, mais aussi du chemin que j\u2019ai parcouru pour ma gu\u00e9rison personnelle, je consid\u00e8re comme fondamental&hellip;<\/p>\n","protected":false},"author":1,"featured_media":0,"parent":0,"menu_order":0,"comment_status":"closed","ping_status":"closed","template":"","meta":{"footnotes":""},"_links":{"self":[{"href":"http:\/\/xn--constellationsfamilialesetsystmiquesmcgamper-44d.fr\/index.php\/wp-json\/wp\/v2\/pages\/57"}],"collection":[{"href":"http:\/\/xn--constellationsfamilialesetsystmiquesmcgamper-44d.fr\/index.php\/wp-json\/wp\/v2\/pages"}],"about":[{"href":"http:\/\/xn--constellationsfamilialesetsystmiquesmcgamper-44d.fr\/index.php\/wp-json\/wp\/v2\/types\/page"}],"author":[{"embeddable":true,"href":"http:\/\/xn--constellationsfamilialesetsystmiquesmcgamper-44d.fr\/index.php\/wp-json\/wp\/v2\/users\/1"}],"replies":[{"embeddable":true,"href":"http:\/\/xn--constellationsfamilialesetsystmiquesmcgamper-44d.fr\/index.php\/wp-json\/wp\/v2\/comments?post=57"}],"version-history":[{"count":18,"href":"http:\/\/xn--constellationsfamilialesetsystmiquesmcgamper-44d.fr\/index.php\/wp-json\/wp\/v2\/pages\/57\/revisions"}],"predecessor-version":[{"id":625,"href":"http:\/\/xn--constellationsfamilialesetsystmiquesmcgamper-44d.fr\/index.php\/wp-json\/wp\/v2\/pages\/57\/revisions\/625"}],"wp:attachment":[{"href":"http:\/\/xn--constellationsfamilialesetsystmiquesmcgamper-44d.fr\/index.php\/wp-json\/wp\/v2\/media?parent=57"}],"curies":[{"name":"wp","href":"https:\/\/api.w.org\/{rel}","templated":true}]}}