{"id":131,"date":"2019-06-03T15:10:03","date_gmt":"2019-06-03T13:10:03","guid":{"rendered":"http:\/\/xn--constellationsfamilialesetsystmiquesmcgamper-44d.fr\/?page_id=131"},"modified":"2023-11-03T12:20:05","modified_gmt":"2023-11-03T11:20:05","slug":"accueil","status":"publish","type":"page","link":"http:\/\/xn--constellationsfamilialesetsystmiquesmcgamper-44d.fr\/","title":{"rendered":"Hypnose r\u00e9gressive et Lib\u00e9ration des traumatismes &#8211; Hypnose ericksonienne &#8211; Psychog\u00e9n\u00e9alogie &#8211; Constellations &#8211; D\u00e9veloppement Personnel"},"content":{"rendered":"\n<p>SCOP Mine de Talents,&nbsp;N\u00b0 Siret 479 995 896 00020 &#8211; APE 7022Z &#8211; 19 Impasse Henri Roux &#8211; 30100 Al\u00e8s<\/p>\n\n\n\n<p class=\"has-text-align-center has-background\" style=\"background-color:#f8e9f0\"><strong>D\u00e9veloppement personnel, sant\u00e9 et bien-\u00eatre sont les moteurs de toute vie heureuse<\/strong><\/p>\n\n\n\n<p class=\"has-background\" style=\"background-color:#f8e9f0\">A travers diff\u00e9rentes techniques \u00e9prouv\u00e9es , Marie-Claire Gamper propose des <strong>th\u00e9rapies individuelles<\/strong> \u00e0 Saint-Geni\u00e8s de Malgoir\u00e8s et des <strong>Constellations familiales <\/strong>\u00e0 V\u00e9z\u00e9nobres et dans toute la r\u00e9gion<strong> Occitanie<\/strong> pour r\u00e9aliser son plein\u00a0potentiel et accompagner sa gu\u00e9rison.<\/p>\n\n\n\n<h3 class=\"wp-block-heading\"><strong>Les constellations<\/strong><\/h3>\n\n\n\n<p class=\"has-background\" style=\"background-color:#f8e9f0\">Nous naissons avec un h\u00e9ritage dont une partie reste inconsciente. Nous portons parfois des choses qui ne nous appartiennent pas et nuisent \u00e0 notre bien-\u00eatre, notre sant\u00e9 ou bloquent la gu\u00e9rison.&nbsp;Ces m\u00e9moires peuvent remonter \u00e0&nbsp; plusieurs g\u00e9n\u00e9rations dans notre propre <strong>constellation familiale<\/strong>. <strong><a href=\"http:\/\/xn--constellationsfamilialesetsystmiquesmcgamper-44d.fr\/wp-admin\/post.php?post=89&amp;action=edit\">En<\/a><\/strong><a href=\"http:\/\/xn--constellationsfamilialesetsystmiquesmcgamper-44d.fr\/wp-admin\/post.php?post=89&amp;action=edit\"> <\/a><strong><a href=\"http:\/\/xn--constellationsfamilialesetsystmiquesmcgamper-44d.fr\/wp-admin\/post.php?post=89&amp;action=edit\">savoir plus<\/a><\/strong><\/p>\n\n\n\n<h3 class=\"wp-block-heading\"><strong>Les th\u00e9rapies individuelles<\/strong><\/h3>\n\n\n\n<p class=\"has-background\" style=\"background-color:#f8e9f0\">La souffrance v\u00e9ritablement reconnue, accept\u00e9e, assimil\u00e9e apporte un sentiment de soulagement \u00e0 la personne, car \u00e0 chaque r\u00e9v\u00e9lation correspond la fin d&#8217;un combat livr\u00e9 \u00e0 soi-m\u00eame. <strong><a href=\"http:\/\/xn--constellationsfamilialesetsystmiquesmcgamper-44d.fr\/index.php\/accompagnement-therapeutique-individuel\/\" target=\"_blank\" rel=\"noreferrer noopener\" aria-label=\"En savoir plus (s\u2019ouvre dans un nouvel onglet)\">En savoir plus<\/a><\/strong><\/p>\n\n\n\n<h3 class=\"wp-block-heading\"><\/h3>\n","protected":false},"excerpt":{"rendered":"<p>SCOP Mine de Talents,&nbsp;N\u00b0 Siret 479 995 896 00020 &#8211; APE 7022Z &#8211; 19 Impasse Henri Roux &#8211; 30100 Al\u00e8s D\u00e9veloppement personnel, sant\u00e9 et bien-\u00eatre sont les moteurs de toute vie heureuse A travers diff\u00e9rentes techniques \u00e9prouv\u00e9es , Marie-Claire Gamper propose des th\u00e9rapies individuelles \u00e0 Saint-Geni\u00e8s de Malgoir\u00e8s et des Constellations familiales \u00e0 V\u00e9z\u00e9nobres et&hellip;<\/p>\n","protected":false},"author":1,"featured_media":0,"parent":0,"menu_order":0,"comment_status":"closed","ping_status":"closed","template":"","meta":{"footnotes":""},"_links":{"self":[{"href":"http:\/\/xn--constellationsfamilialesetsystmiquesmcgamper-44d.fr\/index.php\/wp-json\/wp\/v2\/pages\/131"}],"collection":[{"href":"http:\/\/xn--constellationsfamilialesetsystmiquesmcgamper-44d.fr\/index.php\/wp-json\/wp\/v2\/pages"}],"about":[{"href":"http:\/\/xn--constellationsfamilialesetsystmiquesmcgamper-44d.fr\/index.php\/wp-json\/wp\/v2\/types\/page"}],"author":[{"embeddable":true,"href":"http:\/\/xn--constellationsfamilialesetsystmiquesmcgamper-44d.fr\/index.php\/wp-json\/wp\/v2\/users\/1"}],"replies":[{"embeddable":true,"href":"http:\/\/xn--constellationsfamilialesetsystmiquesmcgamper-44d.fr\/index.php\/wp-json\/wp\/v2\/comments?post=131"}],"version-history":[{"count":42,"href":"http:\/\/xn--constellationsfamilialesetsystmiquesmcgamper-44d.fr\/index.php\/wp-json\/wp\/v2\/pages\/131\/revisions"}],"predecessor-version":[{"id":665,"href":"http:\/\/xn--constellationsfamilialesetsystmiquesmcgamper-44d.fr\/index.php\/wp-json\/wp\/v2\/pages\/131\/revisions\/665"}],"wp:attachment":[{"href":"http:\/\/xn--constellationsfamilialesetsystmiquesmcgamper-44d.fr\/index.php\/wp-json\/wp\/v2\/media?parent=131"}],"curies":[{"name":"wp","href":"https:\/\/api.w.org\/{rel}","templated":true}]}}